{"id":773,"date":"2024-10-07T19:49:12","date_gmt":"2024-10-07T19:49:12","guid":{"rendered":"https:\/\/dataxplora.ai\/?page_id=773"},"modified":"2025-01-29T23:33:13","modified_gmt":"2025-01-29T23:33:13","slug":"dataexplora-data-xplora-data-explora","status":"publish","type":"page","link":"https:\/\/dataxplora.ai\/en\/dataexplora-data-xplora-data-explora\/","title":{"rendered":"\u00a1Ups! Parece que escribiste mal nuestro nombre&#8230;"},"content":{"rendered":"<p class=\"has-medium-font-size\">No te preocupes, \u00a1est\u00e1s en el lugar correcto! Somos&nbsp;<strong>DataXplora<\/strong>, tu aliado en soluciones de gobierno y gesti\u00f3n de datos, integraci\u00f3n y calidad de datos. Aunque llegaste aqu\u00ed buscando &#8216;DataExplora&#8217;, &#8216;Data Xplora&#8217;, &#8216;Data Explora&#8217; o alguna otra variaci\u00f3n, estamos felices de que nos hayas encontrado.<\/p>\n\n\n\n<p class=\"has-medium-font-size\">Ahora que est\u00e1s aqu\u00ed, \u00a1te invitamos a EXPLORAR todo lo que tenemos para ofrecerte! Usa el men\u00fa superior para navegar o elige una de las opciones a continuaci\u00f3n para conocer m\u00e1s sobre nosotros.<\/p>\n\n\n\n<div class=\"wp-block-columns is-layout-flex wp-container-core-columns-is-layout-28f84493 wp-block-columns-is-layout-flex\">\n<div class=\"wp-block-column is-layout-flow wp-block-column-is-layout-flow\" style=\"flex-basis:100%\">\n<div class=\"wp-block-buttons is-layout-flex wp-block-buttons-is-layout-flex\">\n<div class=\"wp-block-button\"><a class=\"wp-block-button__link wp-element-button\" href=\"https:\/\/dataxplora.ai\/en\/\">P\u00e1gina Principal<\/a><\/div>\n<\/div>\n<\/div>\n\n\n\n<div class=\"wp-block-column is-layout-flow wp-block-column-is-layout-flow\" style=\"flex-basis:100%\">\n<div class=\"wp-block-buttons is-layout-flex wp-block-buttons-is-layout-flex\">\n<div class=\"wp-block-button\"><a class=\"wp-block-button__link wp-element-button\" href=\"https:\/\/dataxplora.ai\/en\/#services\">Nuestros servicios<\/a><\/div>\n<\/div>\n<\/div>\n\n\n\n<div class=\"wp-block-column is-layout-flow wp-block-column-is-layout-flow\" style=\"flex-basis:100%\">\n<div class=\"wp-block-buttons is-layout-flex wp-block-buttons-is-layout-flex\">\n<div class=\"wp-block-button\"><a class=\"wp-block-button__link wp-element-button\" href=\"https:\/\/dataxplora.ai\/en\/#metodologia\">Nuestra metodolog\u00eda<\/a><\/div>\n<\/div>\n<\/div>\n<\/div>\n\n\n\n<div class=\"wp-block-buttons is-content-justification-center is-layout-flex wp-container-core-buttons-is-layout-a89b3969 wp-block-buttons-is-layout-flex\">\n<div class=\"wp-block-button\"><a class=\"wp-block-button__link has-text-align-center wp-element-button\" href=\"https:\/\/dataxplora.ai\/en\/evalua-tu-cumplimiento-con-la-ley-19-628-de-proteccion-de-datos-personales\/\">\u00bfEst\u00e1s Preparado para la Ley 21.719? Haz la Autoevaluaci\u00f3n Aqu\u00ed<\/a><\/div>\n<\/div>\n\n\n\n<p><\/p>","protected":false},"excerpt":{"rendered":"<p>No te preocupes, \u00a1est\u00e1s en el lugar correcto! Somos&nbsp;DataXplora, tu aliado en soluciones de gobierno y gesti\u00f3n de datos, integraci\u00f3n y calidad de datos. Aunque llegaste aqu\u00ed buscando &#8216;DataExplora&#8217;, &#8216;Data Xplora&#8217;, &#8216;Data Explora&#8217; o alguna otra variaci\u00f3n, estamos felices de que nos hayas encontrado. Ahora que est\u00e1s aqu\u00ed, \u00a1te invitamos a EXPLORAR todo lo que [&hellip;]<\/p>\n","protected":false},"author":1,"featured_media":0,"parent":0,"menu_order":0,"comment_status":"closed","ping_status":"closed","template":"","meta":{"_coblocks_attr":"","_coblocks_dimensions":"","_coblocks_responsive_height":"","_coblocks_accordion_ie_support":"","_uag_custom_page_level_css":"","site-sidebar-layout":"default","site-content-layout":"","ast-site-content-layout":"default","site-content-style":"default","site-sidebar-style":"default","ast-global-header-display":"","ast-banner-title-visibility":"","ast-main-header-display":"","ast-hfb-above-header-display":"","ast-hfb-below-header-display":"","ast-hfb-mobile-header-display":"","site-post-title":"","ast-breadcrumbs-content":"","ast-featured-img":"","footer-sml-layout":"","ast-disable-related-posts":"","theme-transparent-header-meta":"","adv-header-id-meta":"","stick-header-meta":"","header-above-stick-meta":"","header-main-stick-meta":"","header-below-stick-meta":"","astra-migrate-meta-layouts":"set","ast-page-background-enabled":"default","ast-page-background-meta":{"desktop":{"background-color":"var(--ast-global-color-4)","background-image":"","background-repeat":"repeat","background-position":"center center","background-size":"auto","background-attachment":"scroll","background-type":"","background-media":"","overlay-type":"","overlay-color":"","overlay-opacity":"","overlay-gradient":""},"tablet":{"background-color":"","background-image":"","background-repeat":"repeat","background-position":"center center","background-size":"auto","background-attachment":"scroll","background-type":"","background-media":"","overlay-type":"","overlay-color":"","overlay-opacity":"","overlay-gradient":""},"mobile":{"background-color":"","background-image":"","background-repeat":"repeat","background-position":"center center","background-size":"auto","background-attachment":"scroll","background-type":"","background-media":"","overlay-type":"","overlay-color":"","overlay-opacity":"","overlay-gradient":""}},"ast-content-background-meta":{"desktop":{"background-color":"var(--ast-global-color-5)","background-image":"","background-repeat":"repeat","background-position":"center center","background-size":"auto","background-attachment":"scroll","background-type":"","background-media":"","overlay-type":"","overlay-color":"","overlay-opacity":"","overlay-gradient":""},"tablet":{"background-color":"var(--ast-global-color-5)","background-image":"","background-repeat":"repeat","background-position":"center center","background-size":"auto","background-attachment":"scroll","background-type":"","background-media":"","overlay-type":"","overlay-color":"","overlay-opacity":"","overlay-gradient":""},"mobile":{"background-color":"var(--ast-global-color-5)","background-image":"","background-repeat":"repeat","background-position":"center center","background-size":"auto","background-attachment":"scroll","background-type":"","background-media":"","overlay-type":"","overlay-color":"","overlay-opacity":"","overlay-gradient":""}},"footnotes":""},"class_list":["post-773","page","type-page","status-publish","hentry"],"yoast_head":"<!-- This site is optimized with the Yoast SEO plugin v27.5 - https:\/\/yoast.com\/product\/yoast-seo-wordpress\/ -->\n<title>DataXplora - Gobierno de Datos<\/title>\n<meta name=\"description\" content=\"Servicios de Gobierno de Datos. Asesor\u00eda Estrat\u00e9gica, Implementaci\u00f3n Tecnol\u00f3gica y Adminsitraci\u00f3n y Soporte.\" \/>\n<meta name=\"robots\" content=\"index, follow, max-snippet:-1, max-image-preview:large, max-video-preview:-1\" \/>\n<link rel=\"canonical\" href=\"https:\/\/dataxplora.ai\/en\/dataexplora-data-xplora-data-explora\/\" \/>\n<meta property=\"og:locale\" content=\"en_US\" \/>\n<meta property=\"og:type\" content=\"article\" \/>\n<meta property=\"og:title\" content=\"DataXplora - Gobierno de Datos\" \/>\n<meta property=\"og:description\" content=\"Servicios de Gobierno de Datos. Asesor\u00eda Estrat\u00e9gica, Implementaci\u00f3n Tecnol\u00f3gica y Adminsitraci\u00f3n y Soporte.\" \/>\n<meta property=\"og:url\" content=\"https:\/\/dataxplora.ai\/en\/dataexplora-data-xplora-data-explora\/\" \/>\n<meta property=\"og:site_name\" content=\"DataXplora\" \/>\n<meta property=\"article:modified_time\" content=\"2025-01-29T23:33:13+00:00\" \/>\n<meta name=\"twitter:card\" content=\"summary_large_image\" \/>\n<meta name=\"twitter:label1\" content=\"Est. reading time\" \/>\n\t<meta name=\"twitter:data1\" content=\"1 minute\" \/>\n<script type=\"application\/ld+json\" class=\"yoast-schema-graph\">{\"@context\":\"https:\\\/\\\/schema.org\",\"@graph\":[{\"@type\":\"WebPage\",\"@id\":\"https:\\\/\\\/dataxplora.ai\\\/dataexplora-data-xplora-data-explora\\\/\",\"url\":\"https:\\\/\\\/dataxplora.ai\\\/dataexplora-data-xplora-data-explora\\\/\",\"name\":\"DataXplora - Gobierno de Datos\",\"isPartOf\":{\"@id\":\"https:\\\/\\\/dataxplora.ai\\\/#website\"},\"datePublished\":\"2024-10-07T19:49:12+00:00\",\"dateModified\":\"2025-01-29T23:33:13+00:00\",\"description\":\"Servicios de Gobierno de Datos. Asesor\u00eda Estrat\u00e9gica, Implementaci\u00f3n Tecnol\u00f3gica y Adminsitraci\u00f3n y Soporte.\",\"breadcrumb\":{\"@id\":\"https:\\\/\\\/dataxplora.ai\\\/dataexplora-data-xplora-data-explora\\\/#breadcrumb\"},\"inLanguage\":\"en-US\",\"potentialAction\":[{\"@type\":\"ReadAction\",\"target\":[\"https:\\\/\\\/dataxplora.ai\\\/dataexplora-data-xplora-data-explora\\\/\"]}]},{\"@type\":\"BreadcrumbList\",\"@id\":\"https:\\\/\\\/dataxplora.ai\\\/dataexplora-data-xplora-data-explora\\\/#breadcrumb\",\"itemListElement\":[{\"@type\":\"ListItem\",\"position\":1,\"name\":\"Home\",\"item\":\"https:\\\/\\\/dataxplora.ai\\\/\"},{\"@type\":\"ListItem\",\"position\":2,\"name\":\"\u00a1Ups! Parece que escribiste mal nuestro nombre&#8230;\"}]},{\"@type\":\"WebSite\",\"@id\":\"https:\\\/\\\/dataxplora.ai\\\/#website\",\"url\":\"https:\\\/\\\/dataxplora.ai\\\/\",\"name\":\"DataXplora\",\"description\":\"Data Governance Services\",\"publisher\":{\"@id\":\"https:\\\/\\\/dataxplora.ai\\\/#organization\"},\"potentialAction\":[{\"@type\":\"SearchAction\",\"target\":{\"@type\":\"EntryPoint\",\"urlTemplate\":\"https:\\\/\\\/dataxplora.ai\\\/?s={search_term_string}\"},\"query-input\":{\"@type\":\"PropertyValueSpecification\",\"valueRequired\":true,\"valueName\":\"search_term_string\"}}],\"inLanguage\":\"en-US\"},{\"@type\":\"Organization\",\"@id\":\"https:\\\/\\\/dataxplora.ai\\\/#organization\",\"name\":\"DataXplora\",\"url\":\"https:\\\/\\\/dataxplora.ai\\\/\",\"logo\":{\"@type\":\"ImageObject\",\"inLanguage\":\"en-US\",\"@id\":\"https:\\\/\\\/dataxplora.ai\\\/#\\\/schema\\\/logo\\\/image\\\/\",\"url\":\"https:\\\/\\\/dataxplora.ai\\\/wp-content\\\/uploads\\\/2024\\\/01\\\/DataXplora-Logo-Symbol-Transparent-bg.svg\",\"contentUrl\":\"https:\\\/\\\/dataxplora.ai\\\/wp-content\\\/uploads\\\/2024\\\/01\\\/DataXplora-Logo-Symbol-Transparent-bg.svg\",\"caption\":\"DataXplora\"},\"image\":{\"@id\":\"https:\\\/\\\/dataxplora.ai\\\/#\\\/schema\\\/logo\\\/image\\\/\"},\"sameAs\":[\"https:\\\/\\\/www.linkedin.com\\\/company\\\/dataxplora\"]}]}<\/script>\n<!-- \/ Yoast SEO plugin. -->","yoast_head_json":{"title":"DataXplora - Gobierno de Datos","description":"Servicios de Gobierno de Datos. Asesor\u00eda Estrat\u00e9gica, Implementaci\u00f3n Tecnol\u00f3gica y Adminsitraci\u00f3n y Soporte.","robots":{"index":"index","follow":"follow","max-snippet":"max-snippet:-1","max-image-preview":"max-image-preview:large","max-video-preview":"max-video-preview:-1"},"canonical":"https:\/\/dataxplora.ai\/en\/dataexplora-data-xplora-data-explora\/","og_locale":"en_US","og_type":"article","og_title":"DataXplora - Gobierno de Datos","og_description":"Servicios de Gobierno de Datos. Asesor\u00eda Estrat\u00e9gica, Implementaci\u00f3n Tecnol\u00f3gica y Adminsitraci\u00f3n y Soporte.","og_url":"https:\/\/dataxplora.ai\/en\/dataexplora-data-xplora-data-explora\/","og_site_name":"DataXplora","article_modified_time":"2025-01-29T23:33:13+00:00","twitter_card":"summary_large_image","twitter_misc":{"Est. reading time":"1 minute"},"schema":{"@context":"https:\/\/schema.org","@graph":[{"@type":"WebPage","@id":"https:\/\/dataxplora.ai\/dataexplora-data-xplora-data-explora\/","url":"https:\/\/dataxplora.ai\/dataexplora-data-xplora-data-explora\/","name":"DataXplora - Gobierno de Datos","isPartOf":{"@id":"https:\/\/dataxplora.ai\/#website"},"datePublished":"2024-10-07T19:49:12+00:00","dateModified":"2025-01-29T23:33:13+00:00","description":"Servicios de Gobierno de Datos. Asesor\u00eda Estrat\u00e9gica, Implementaci\u00f3n Tecnol\u00f3gica y Adminsitraci\u00f3n y Soporte.","breadcrumb":{"@id":"https:\/\/dataxplora.ai\/dataexplora-data-xplora-data-explora\/#breadcrumb"},"inLanguage":"en-US","potentialAction":[{"@type":"ReadAction","target":["https:\/\/dataxplora.ai\/dataexplora-data-xplora-data-explora\/"]}]},{"@type":"BreadcrumbList","@id":"https:\/\/dataxplora.ai\/dataexplora-data-xplora-data-explora\/#breadcrumb","itemListElement":[{"@type":"ListItem","position":1,"name":"Home","item":"https:\/\/dataxplora.ai\/"},{"@type":"ListItem","position":2,"name":"\u00a1Ups! Parece que escribiste mal nuestro nombre&#8230;"}]},{"@type":"WebSite","@id":"https:\/\/dataxplora.ai\/#website","url":"https:\/\/dataxplora.ai\/","name":"DataXplora","description":"Data Governance Services","publisher":{"@id":"https:\/\/dataxplora.ai\/#organization"},"potentialAction":[{"@type":"SearchAction","target":{"@type":"EntryPoint","urlTemplate":"https:\/\/dataxplora.ai\/?s={search_term_string}"},"query-input":{"@type":"PropertyValueSpecification","valueRequired":true,"valueName":"search_term_string"}}],"inLanguage":"en-US"},{"@type":"Organization","@id":"https:\/\/dataxplora.ai\/#organization","name":"DataXplora","url":"https:\/\/dataxplora.ai\/","logo":{"@type":"ImageObject","inLanguage":"en-US","@id":"https:\/\/dataxplora.ai\/#\/schema\/logo\/image\/","url":"https:\/\/dataxplora.ai\/wp-content\/uploads\/2024\/01\/DataXplora-Logo-Symbol-Transparent-bg.svg","contentUrl":"https:\/\/dataxplora.ai\/wp-content\/uploads\/2024\/01\/DataXplora-Logo-Symbol-Transparent-bg.svg","caption":"DataXplora"},"image":{"@id":"https:\/\/dataxplora.ai\/#\/schema\/logo\/image\/"},"sameAs":["https:\/\/www.linkedin.com\/company\/dataxplora"]}]}},"uagb_featured_image_src":{"full":false,"thumbnail":false,"medium":false,"medium_large":false,"large":false,"1536x1536":false,"2048x2048":false,"trp-custom-language-flag":false},"uagb_author_info":{"display_name":"jaapv","author_link":"https:\/\/dataxplora.ai\/en\/author\/jaapv\/"},"uagb_comment_info":0,"uagb_excerpt":"No te preocupes, \u00a1est\u00e1s en el lugar correcto! Somos&nbsp;DataXplora, tu aliado en soluciones de gobierno y gesti\u00f3n de datos, integraci\u00f3n y calidad de datos. Aunque llegaste aqu\u00ed buscando &#8216;DataExplora&#8217;, &#8216;Data Xplora&#8217;, &#8216;Data Explora&#8217; o alguna otra variaci\u00f3n, estamos felices de que nos hayas encontrado. Ahora que est\u00e1s aqu\u00ed, \u00a1te invitamos a EXPLORAR todo lo que&hellip;","jetpack_sharing_enabled":true,"_links":{"self":[{"href":"https:\/\/dataxplora.ai\/en\/wp-json\/wp\/v2\/pages\/773","targetHints":{"allow":["GET"]}}],"collection":[{"href":"https:\/\/dataxplora.ai\/en\/wp-json\/wp\/v2\/pages"}],"about":[{"href":"https:\/\/dataxplora.ai\/en\/wp-json\/wp\/v2\/types\/page"}],"author":[{"embeddable":true,"href":"https:\/\/dataxplora.ai\/en\/wp-json\/wp\/v2\/users\/1"}],"replies":[{"embeddable":true,"href":"https:\/\/dataxplora.ai\/en\/wp-json\/wp\/v2\/comments?post=773"}],"version-history":[{"count":4,"href":"https:\/\/dataxplora.ai\/en\/wp-json\/wp\/v2\/pages\/773\/revisions"}],"predecessor-version":[{"id":796,"href":"https:\/\/dataxplora.ai\/en\/wp-json\/wp\/v2\/pages\/773\/revisions\/796"}],"wp:attachment":[{"href":"https:\/\/dataxplora.ai\/en\/wp-json\/wp\/v2\/media?parent=773"}],"curies":[{"name":"wp","href":"https:\/\/api.w.org\/{rel}","templated":true}]}}