{"id":695,"date":"2024-07-15T19:32:53","date_gmt":"2024-07-15T19:32:53","guid":{"rendered":"https:\/\/dataxplora.ai\/?page_id=695"},"modified":"2025-01-29T21:19:00","modified_gmt":"2025-01-29T21:19:00","slug":"evalua-tu-cumplimiento-con-la-ley-21-719-de-proteccion-de-datos-personales","status":"publish","type":"page","link":"https:\/\/dataxplora.ai\/en\/evalua-tu-cumplimiento-con-la-ley-21-719-de-proteccion-de-datos-personales\/","title":{"rendered":"Eval\u00faa tu cumplimiento con la ley 21.719 de Protecci\u00f3n de Datos Personales"},"content":{"rendered":"<div class=\"wp-block-uagb-container uagb-block-bab9e44d alignfull uagb-is-root-container\"><div class=\"uagb-container-inner-blocks-wrap\">\n<div class=\"wp-block-uagb-container uagb-block-120f6dc3\">\n<p>\u00bfEst\u00e1 tu organizaci\u00f3n preparada para cumplir con la Ley 21.719 sobre Protecci\u00f3n de la Vida Privada en Chile? Desarrollamos una autoevaluaci\u00f3n detallada que te permitir\u00e1 medir el nivel de cumplimiento de tu empresa respecto a esta normativa.<\/p>\n\n\n\n<div class=\"wp-block-buttons is-content-justification-center is-layout-flex wp-container-core-buttons-is-layout-a89b3969 wp-block-buttons-is-layout-flex\">\n<div class=\"wp-block-button\"><a class=\"wp-block-button__link wp-element-button\" href=\"https:\/\/dataxplora.ai\/en\/evaluacion-ley-19-628-proteccion-de-datos\/\">INICIAR AUTOEVALUACI\u00d3N<\/a><\/div>\n<\/div>\n\n\n\n<h4 class=\"wp-block-heading\">\u00bfPor Qu\u00e9 Realizar la Autoevaluaci\u00f3n?<\/h4>\n\n\n\n<p>Al completar nuestra autoevaluaci\u00f3n, obtendr\u00e1s un informe detallado que muestra tu nivel de cumplimiento en diversas categor\u00edas clave de la Ley 21.719, incluyendo:<\/p>\n\n\n\n<ul class=\"wp-block-list\">\n<li>Recopilaci\u00f3n de Datos y Consentimiento<\/li>\n\n\n\n<li>Procesamiento de Datos y Seguridad<\/li>\n\n\n\n<li>Derechos del Titular<\/li>\n\n\n\n<li>Violaciones de Datos e Incidentes de Seguridad<\/li>\n\n\n\n<li>Formaci\u00f3n y Concientizaci\u00f3n<\/li>\n<\/ul>\n\n\n\n<p>Con los resultados de tu autoevaluaci\u00f3n, te enviaremos un enlace para descargar nuestro whitepaper exclusivo, donde explicamos c\u00f3mo la gobernanza de datos puede ayudarte a garantizar el cumplimiento de la Ley 21.719. Este documento ofrece estrategias pr\u00e1cticas y soluciones tecnol\u00f3gicas dise\u00f1adas para fortalecer la gesti\u00f3n de datos en tu organizaci\u00f3n.<\/p>\n\n\n\n<hr class=\"wp-block-separator has-alpha-channel-opacity\"\/>\n\n\n\n<p><strong>\u00a1Comienza tu autoevaluaci\u00f3n ahora y descubre c\u00f3mo mejorar la protecci\u00f3n de datos en tu organizaci\u00f3n!<\/strong><\/p>\n\n\n\n<div class=\"wp-block-buttons is-content-justification-center is-layout-flex wp-container-core-buttons-is-layout-a89b3969 wp-block-buttons-is-layout-flex\">\n<div class=\"wp-block-button\"><a class=\"wp-block-button__link wp-element-button\" href=\"https:\/\/dataxplora.ai\/en\/evaluacion-ley-19-628-proteccion-de-datos\/\">Iniciar autoevaluaci\u00f3n<\/a><\/div>\n<\/div>\n\n\n\n<p style=\"font-size:11px\"><strong>Disclaimer: <\/strong>Esta autoevaluaci\u00f3n tiene limitaciones y se proporciona solo con fines informativos. No constituye asesor\u00eda legal y no garantiza el cumplimiento absoluto de la normativa. Para obtener una evaluaci\u00f3n completa y personalizada, cont\u00e1ctanos para ayudarte!<\/p>\n<\/div>\n\n\n\n<div class=\"wp-block-uagb-container uag-hide-tab uag-hide-mob uagb-block-d30d204f\">\n<figure class=\"wp-block-image size-large\"><img loading=\"lazy\" decoding=\"async\" width=\"1024\" height=\"611\" src=\"https:\/\/dataxplora.ai\/wp-content\/uploads\/2024\/07\/undraw_Personal_data_re_ihde-1024x611.png\" alt=\"\" class=\"wp-image-704\" srcset=\"https:\/\/dataxplora.ai\/wp-content\/uploads\/2024\/07\/undraw_Personal_data_re_ihde-1024x611.png 1024w, https:\/\/dataxplora.ai\/wp-content\/uploads\/2024\/07\/undraw_Personal_data_re_ihde-300x179.png 300w, https:\/\/dataxplora.ai\/wp-content\/uploads\/2024\/07\/undraw_Personal_data_re_ihde-768x458.png 768w, https:\/\/dataxplora.ai\/wp-content\/uploads\/2024\/07\/undraw_Personal_data_re_ihde-18x12.png 18w, https:\/\/dataxplora.ai\/wp-content\/uploads\/2024\/07\/undraw_Personal_data_re_ihde.png 1133w\" sizes=\"auto, (max-width: 1024px) 100vw, 1024px\" \/><\/figure>\n\n\n\n<figure class=\"wp-block-image size-full\"><img loading=\"lazy\" decoding=\"async\" width=\"838\" height=\"679\" src=\"https:\/\/dataxplora.ai\/wp-content\/uploads\/2024\/07\/undraw_Security_re_a2rk-2.png\" alt=\"\" class=\"wp-image-698\" srcset=\"https:\/\/dataxplora.ai\/wp-content\/uploads\/2024\/07\/undraw_Security_re_a2rk-2.png 838w, https:\/\/dataxplora.ai\/wp-content\/uploads\/2024\/07\/undraw_Security_re_a2rk-2-300x243.png 300w, https:\/\/dataxplora.ai\/wp-content\/uploads\/2024\/07\/undraw_Security_re_a2rk-2-768x622.png 768w, https:\/\/dataxplora.ai\/wp-content\/uploads\/2024\/07\/undraw_Security_re_a2rk-2-15x12.png 15w\" sizes=\"auto, (max-width: 838px) 100vw, 838px\" \/><\/figure>\n\n\n\n<figure class=\"wp-block-image size-large\"><img loading=\"lazy\" decoding=\"async\" width=\"1024\" height=\"719\" src=\"https:\/\/dataxplora.ai\/wp-content\/uploads\/2024\/07\/undraw_Security_on_re_e491-1024x719.png\" alt=\"\" class=\"wp-image-700\" srcset=\"https:\/\/dataxplora.ai\/wp-content\/uploads\/2024\/07\/undraw_Security_on_re_e491-1024x719.png 1024w, https:\/\/dataxplora.ai\/wp-content\/uploads\/2024\/07\/undraw_Security_on_re_e491-300x211.png 300w, https:\/\/dataxplora.ai\/wp-content\/uploads\/2024\/07\/undraw_Security_on_re_e491-768x540.png 768w, https:\/\/dataxplora.ai\/wp-content\/uploads\/2024\/07\/undraw_Security_on_re_e491-18x12.png 18w, https:\/\/dataxplora.ai\/wp-content\/uploads\/2024\/07\/undraw_Security_on_re_e491.png 1059w\" sizes=\"auto, (max-width: 1024px) 100vw, 1024px\" \/><\/figure>\n<\/div>\n<\/div><\/div>","protected":false},"excerpt":{"rendered":"<p>\u00bfEst\u00e1 tu organizaci\u00f3n preparada para cumplir con la Ley 21.719 sobre Protecci\u00f3n de la Vida Privada en Chile? Desarrollamos una autoevaluaci\u00f3n detallada que te permitir\u00e1 medir el nivel de cumplimiento de tu empresa respecto a esta normativa. \u00bfPor Qu\u00e9 Realizar la Autoevaluaci\u00f3n? Al completar nuestra autoevaluaci\u00f3n, obtendr\u00e1s un informe detallado que muestra tu nivel de [&hellip;]<\/p>\n","protected":false},"author":1,"featured_media":0,"parent":0,"menu_order":0,"comment_status":"closed","ping_status":"closed","template":"","meta":{"_coblocks_attr":"","_coblocks_dimensions":"","_coblocks_responsive_height":"","_coblocks_accordion_ie_support":"","_uag_custom_page_level_css":"","site-sidebar-layout":"default","site-content-layout":"","ast-site-content-layout":"default","site-content-style":"default","site-sidebar-style":"default","ast-global-header-display":"","ast-banner-title-visibility":"","ast-main-header-display":"","ast-hfb-above-header-display":"","ast-hfb-below-header-display":"","ast-hfb-mobile-header-display":"","site-post-title":"","ast-breadcrumbs-content":"","ast-featured-img":"","footer-sml-layout":"","ast-disable-related-posts":"","theme-transparent-header-meta":"","adv-header-id-meta":"","stick-header-meta":"","header-above-stick-meta":"","header-main-stick-meta":"","header-below-stick-meta":"","astra-migrate-meta-layouts":"set","ast-page-background-enabled":"default","ast-page-background-meta":{"desktop":{"background-color":"var(--ast-global-color-4)","background-image":"","background-repeat":"repeat","background-position":"center center","background-size":"auto","background-attachment":"scroll","background-type":"","background-media":"","overlay-type":"","overlay-color":"","overlay-opacity":"","overlay-gradient":""},"tablet":{"background-color":"","background-image":"","background-repeat":"repeat","background-position":"center center","background-size":"auto","background-attachment":"scroll","background-type":"","background-media":"","overlay-type":"","overlay-color":"","overlay-opacity":"","overlay-gradient":""},"mobile":{"background-color":"","background-image":"","background-repeat":"repeat","background-position":"center center","background-size":"auto","background-attachment":"scroll","background-type":"","background-media":"","overlay-type":"","overlay-color":"","overlay-opacity":"","overlay-gradient":""}},"ast-content-background-meta":{"desktop":{"background-color":"var(--ast-global-color-5)","background-image":"","background-repeat":"repeat","background-position":"center center","background-size":"auto","background-attachment":"scroll","background-type":"","background-media":"","overlay-type":"","overlay-color":"","overlay-opacity":"","overlay-gradient":""},"tablet":{"background-color":"var(--ast-global-color-5)","background-image":"","background-repeat":"repeat","background-position":"center center","background-size":"auto","background-attachment":"scroll","background-type":"","background-media":"","overlay-type":"","overlay-color":"","overlay-opacity":"","overlay-gradient":""},"mobile":{"background-color":"var(--ast-global-color-5)","background-image":"","background-repeat":"repeat","background-position":"center center","background-size":"auto","background-attachment":"scroll","background-type":"","background-media":"","overlay-type":"","overlay-color":"","overlay-opacity":"","overlay-gradient":""}},"footnotes":""},"class_list":["post-695","page","type-page","status-publish","hentry"],"yoast_head":"<!-- This site is optimized with the Yoast SEO plugin v27.4 - https:\/\/yoast.com\/product\/yoast-seo-wordpress\/ -->\n<title>Eval\u00faa tu cumplimiento con la ley 21.719 de Protecci\u00f3n de Datos Personales - DataXplora<\/title>\n<meta name=\"robots\" content=\"index, follow, max-snippet:-1, max-image-preview:large, max-video-preview:-1\" \/>\n<link rel=\"canonical\" href=\"https:\/\/dataxplora.ai\/en\/evalua-tu-cumplimiento-con-la-ley-21-719-de-proteccion-de-datos-personales\/\" \/>\n<meta property=\"og:locale\" content=\"en_US\" \/>\n<meta property=\"og:type\" content=\"article\" \/>\n<meta property=\"og:title\" content=\"Eval\u00faa tu cumplimiento con la ley 21.719 de Protecci\u00f3n de Datos Personales - DataXplora\" \/>\n<meta property=\"og:description\" content=\"\u00bfEst\u00e1 tu organizaci\u00f3n preparada para cumplir con la Ley 21.719 sobre Protecci\u00f3n de la Vida Privada en Chile? Desarrollamos una autoevaluaci\u00f3n detallada que te permitir\u00e1 medir el nivel de cumplimiento de tu empresa respecto a esta normativa. \u00bfPor Qu\u00e9 Realizar la Autoevaluaci\u00f3n? Al completar nuestra autoevaluaci\u00f3n, obtendr\u00e1s un informe detallado que muestra tu nivel de [&hellip;]\" \/>\n<meta property=\"og:url\" content=\"https:\/\/dataxplora.ai\/en\/evalua-tu-cumplimiento-con-la-ley-21-719-de-proteccion-de-datos-personales\/\" \/>\n<meta property=\"og:site_name\" content=\"DataXplora\" \/>\n<meta property=\"article:modified_time\" content=\"2025-01-29T21:19:00+00:00\" \/>\n<meta property=\"og:image\" content=\"https:\/\/dataxplora.ai\/wp-content\/uploads\/2024\/07\/undraw_Personal_data_re_ihde.png\" \/>\n\t<meta property=\"og:image:width\" content=\"1133\" \/>\n\t<meta property=\"og:image:height\" content=\"676\" \/>\n\t<meta property=\"og:image:type\" content=\"image\/png\" \/>\n<meta name=\"twitter:card\" content=\"summary_large_image\" \/>\n<meta name=\"twitter:label1\" content=\"Est. reading time\" \/>\n\t<meta name=\"twitter:data1\" content=\"2 minutes\" \/>\n<script type=\"application\/ld+json\" class=\"yoast-schema-graph\">{\"@context\":\"https:\\\/\\\/schema.org\",\"@graph\":[{\"@type\":\"WebPage\",\"@id\":\"https:\\\/\\\/dataxplora.ai\\\/evalua-tu-cumplimiento-con-la-ley-21-719-de-proteccion-de-datos-personales\\\/\",\"url\":\"https:\\\/\\\/dataxplora.ai\\\/evalua-tu-cumplimiento-con-la-ley-21-719-de-proteccion-de-datos-personales\\\/\",\"name\":\"Eval\u00faa tu cumplimiento con la ley 21.719 de Protecci\u00f3n de Datos Personales - DataXplora\",\"isPartOf\":{\"@id\":\"https:\\\/\\\/dataxplora.ai\\\/#website\"},\"primaryImageOfPage\":{\"@id\":\"https:\\\/\\\/dataxplora.ai\\\/evalua-tu-cumplimiento-con-la-ley-21-719-de-proteccion-de-datos-personales\\\/#primaryimage\"},\"image\":{\"@id\":\"https:\\\/\\\/dataxplora.ai\\\/evalua-tu-cumplimiento-con-la-ley-21-719-de-proteccion-de-datos-personales\\\/#primaryimage\"},\"thumbnailUrl\":\"https:\\\/\\\/dataxplora.ai\\\/wp-content\\\/uploads\\\/2024\\\/07\\\/undraw_Personal_data_re_ihde-1024x611.png\",\"datePublished\":\"2024-07-15T19:32:53+00:00\",\"dateModified\":\"2025-01-29T21:19:00+00:00\",\"breadcrumb\":{\"@id\":\"https:\\\/\\\/dataxplora.ai\\\/evalua-tu-cumplimiento-con-la-ley-21-719-de-proteccion-de-datos-personales\\\/#breadcrumb\"},\"inLanguage\":\"en-US\",\"potentialAction\":[{\"@type\":\"ReadAction\",\"target\":[\"https:\\\/\\\/dataxplora.ai\\\/evalua-tu-cumplimiento-con-la-ley-21-719-de-proteccion-de-datos-personales\\\/\"]}]},{\"@type\":\"ImageObject\",\"inLanguage\":\"en-US\",\"@id\":\"https:\\\/\\\/dataxplora.ai\\\/evalua-tu-cumplimiento-con-la-ley-21-719-de-proteccion-de-datos-personales\\\/#primaryimage\",\"url\":\"https:\\\/\\\/dataxplora.ai\\\/wp-content\\\/uploads\\\/2024\\\/07\\\/undraw_Personal_data_re_ihde-1024x611.png\",\"contentUrl\":\"https:\\\/\\\/dataxplora.ai\\\/wp-content\\\/uploads\\\/2024\\\/07\\\/undraw_Personal_data_re_ihde-1024x611.png\"},{\"@type\":\"BreadcrumbList\",\"@id\":\"https:\\\/\\\/dataxplora.ai\\\/evalua-tu-cumplimiento-con-la-ley-21-719-de-proteccion-de-datos-personales\\\/#breadcrumb\",\"itemListElement\":[{\"@type\":\"ListItem\",\"position\":1,\"name\":\"Home\",\"item\":\"https:\\\/\\\/dataxplora.ai\\\/\"},{\"@type\":\"ListItem\",\"position\":2,\"name\":\"Eval\u00faa tu cumplimiento con la ley 21.719 de Protecci\u00f3n de Datos Personales\"}]},{\"@type\":\"WebSite\",\"@id\":\"https:\\\/\\\/dataxplora.ai\\\/#website\",\"url\":\"https:\\\/\\\/dataxplora.ai\\\/\",\"name\":\"DataXplora\",\"description\":\"Data Governance Services\",\"publisher\":{\"@id\":\"https:\\\/\\\/dataxplora.ai\\\/#organization\"},\"potentialAction\":[{\"@type\":\"SearchAction\",\"target\":{\"@type\":\"EntryPoint\",\"urlTemplate\":\"https:\\\/\\\/dataxplora.ai\\\/?s={search_term_string}\"},\"query-input\":{\"@type\":\"PropertyValueSpecification\",\"valueRequired\":true,\"valueName\":\"search_term_string\"}}],\"inLanguage\":\"en-US\"},{\"@type\":\"Organization\",\"@id\":\"https:\\\/\\\/dataxplora.ai\\\/#organization\",\"name\":\"DataXplora\",\"url\":\"https:\\\/\\\/dataxplora.ai\\\/\",\"logo\":{\"@type\":\"ImageObject\",\"inLanguage\":\"en-US\",\"@id\":\"https:\\\/\\\/dataxplora.ai\\\/#\\\/schema\\\/logo\\\/image\\\/\",\"url\":\"https:\\\/\\\/dataxplora.ai\\\/wp-content\\\/uploads\\\/2024\\\/01\\\/DataXplora-Logo-Symbol-Transparent-bg.svg\",\"contentUrl\":\"https:\\\/\\\/dataxplora.ai\\\/wp-content\\\/uploads\\\/2024\\\/01\\\/DataXplora-Logo-Symbol-Transparent-bg.svg\",\"caption\":\"DataXplora\"},\"image\":{\"@id\":\"https:\\\/\\\/dataxplora.ai\\\/#\\\/schema\\\/logo\\\/image\\\/\"},\"sameAs\":[\"https:\\\/\\\/www.linkedin.com\\\/company\\\/dataxplora\"]}]}<\/script>\n<!-- \/ Yoast SEO plugin. -->","yoast_head_json":{"title":"Eval\u00faa tu cumplimiento con la ley 21.719 de Protecci\u00f3n de Datos Personales - DataXplora","robots":{"index":"index","follow":"follow","max-snippet":"max-snippet:-1","max-image-preview":"max-image-preview:large","max-video-preview":"max-video-preview:-1"},"canonical":"https:\/\/dataxplora.ai\/en\/evalua-tu-cumplimiento-con-la-ley-21-719-de-proteccion-de-datos-personales\/","og_locale":"en_US","og_type":"article","og_title":"Eval\u00faa tu cumplimiento con la ley 21.719 de Protecci\u00f3n de Datos Personales - DataXplora","og_description":"\u00bfEst\u00e1 tu organizaci\u00f3n preparada para cumplir con la Ley 21.719 sobre Protecci\u00f3n de la Vida Privada en Chile? Desarrollamos una autoevaluaci\u00f3n detallada que te permitir\u00e1 medir el nivel de cumplimiento de tu empresa respecto a esta normativa. \u00bfPor Qu\u00e9 Realizar la Autoevaluaci\u00f3n? Al completar nuestra autoevaluaci\u00f3n, obtendr\u00e1s un informe detallado que muestra tu nivel de [&hellip;]","og_url":"https:\/\/dataxplora.ai\/en\/evalua-tu-cumplimiento-con-la-ley-21-719-de-proteccion-de-datos-personales\/","og_site_name":"DataXplora","article_modified_time":"2025-01-29T21:19:00+00:00","og_image":[{"width":1133,"height":676,"url":"https:\/\/dataxplora.ai\/wp-content\/uploads\/2024\/07\/undraw_Personal_data_re_ihde.png","type":"image\/png"}],"twitter_card":"summary_large_image","twitter_misc":{"Est. reading time":"2 minutes"},"schema":{"@context":"https:\/\/schema.org","@graph":[{"@type":"WebPage","@id":"https:\/\/dataxplora.ai\/evalua-tu-cumplimiento-con-la-ley-21-719-de-proteccion-de-datos-personales\/","url":"https:\/\/dataxplora.ai\/evalua-tu-cumplimiento-con-la-ley-21-719-de-proteccion-de-datos-personales\/","name":"Eval\u00faa tu cumplimiento con la ley 21.719 de Protecci\u00f3n de Datos Personales - DataXplora","isPartOf":{"@id":"https:\/\/dataxplora.ai\/#website"},"primaryImageOfPage":{"@id":"https:\/\/dataxplora.ai\/evalua-tu-cumplimiento-con-la-ley-21-719-de-proteccion-de-datos-personales\/#primaryimage"},"image":{"@id":"https:\/\/dataxplora.ai\/evalua-tu-cumplimiento-con-la-ley-21-719-de-proteccion-de-datos-personales\/#primaryimage"},"thumbnailUrl":"https:\/\/dataxplora.ai\/wp-content\/uploads\/2024\/07\/undraw_Personal_data_re_ihde-1024x611.png","datePublished":"2024-07-15T19:32:53+00:00","dateModified":"2025-01-29T21:19:00+00:00","breadcrumb":{"@id":"https:\/\/dataxplora.ai\/evalua-tu-cumplimiento-con-la-ley-21-719-de-proteccion-de-datos-personales\/#breadcrumb"},"inLanguage":"en-US","potentialAction":[{"@type":"ReadAction","target":["https:\/\/dataxplora.ai\/evalua-tu-cumplimiento-con-la-ley-21-719-de-proteccion-de-datos-personales\/"]}]},{"@type":"ImageObject","inLanguage":"en-US","@id":"https:\/\/dataxplora.ai\/evalua-tu-cumplimiento-con-la-ley-21-719-de-proteccion-de-datos-personales\/#primaryimage","url":"https:\/\/dataxplora.ai\/wp-content\/uploads\/2024\/07\/undraw_Personal_data_re_ihde-1024x611.png","contentUrl":"https:\/\/dataxplora.ai\/wp-content\/uploads\/2024\/07\/undraw_Personal_data_re_ihde-1024x611.png"},{"@type":"BreadcrumbList","@id":"https:\/\/dataxplora.ai\/evalua-tu-cumplimiento-con-la-ley-21-719-de-proteccion-de-datos-personales\/#breadcrumb","itemListElement":[{"@type":"ListItem","position":1,"name":"Home","item":"https:\/\/dataxplora.ai\/"},{"@type":"ListItem","position":2,"name":"Eval\u00faa tu cumplimiento con la ley 21.719 de Protecci\u00f3n de Datos Personales"}]},{"@type":"WebSite","@id":"https:\/\/dataxplora.ai\/#website","url":"https:\/\/dataxplora.ai\/","name":"DataXplora","description":"Data Governance Services","publisher":{"@id":"https:\/\/dataxplora.ai\/#organization"},"potentialAction":[{"@type":"SearchAction","target":{"@type":"EntryPoint","urlTemplate":"https:\/\/dataxplora.ai\/?s={search_term_string}"},"query-input":{"@type":"PropertyValueSpecification","valueRequired":true,"valueName":"search_term_string"}}],"inLanguage":"en-US"},{"@type":"Organization","@id":"https:\/\/dataxplora.ai\/#organization","name":"DataXplora","url":"https:\/\/dataxplora.ai\/","logo":{"@type":"ImageObject","inLanguage":"en-US","@id":"https:\/\/dataxplora.ai\/#\/schema\/logo\/image\/","url":"https:\/\/dataxplora.ai\/wp-content\/uploads\/2024\/01\/DataXplora-Logo-Symbol-Transparent-bg.svg","contentUrl":"https:\/\/dataxplora.ai\/wp-content\/uploads\/2024\/01\/DataXplora-Logo-Symbol-Transparent-bg.svg","caption":"DataXplora"},"image":{"@id":"https:\/\/dataxplora.ai\/#\/schema\/logo\/image\/"},"sameAs":["https:\/\/www.linkedin.com\/company\/dataxplora"]}]}},"uagb_featured_image_src":{"full":false,"thumbnail":false,"medium":false,"medium_large":false,"large":false,"1536x1536":false,"2048x2048":false,"trp-custom-language-flag":false},"uagb_author_info":{"display_name":"jaapv","author_link":"https:\/\/dataxplora.ai\/en\/author\/jaapv\/"},"uagb_comment_info":0,"uagb_excerpt":"\u00bfEst\u00e1 tu organizaci\u00f3n preparada para cumplir con la Ley 21.719 sobre Protecci\u00f3n de la Vida Privada en Chile? Desarrollamos una autoevaluaci\u00f3n detallada que te permitir\u00e1 medir el nivel de cumplimiento de tu empresa respecto a esta normativa. \u00bfPor Qu\u00e9 Realizar la Autoevaluaci\u00f3n? Al completar nuestra autoevaluaci\u00f3n, obtendr\u00e1s un informe detallado que muestra tu nivel de&hellip;","jetpack_sharing_enabled":true,"_links":{"self":[{"href":"https:\/\/dataxplora.ai\/en\/wp-json\/wp\/v2\/pages\/695","targetHints":{"allow":["GET"]}}],"collection":[{"href":"https:\/\/dataxplora.ai\/en\/wp-json\/wp\/v2\/pages"}],"about":[{"href":"https:\/\/dataxplora.ai\/en\/wp-json\/wp\/v2\/types\/page"}],"author":[{"embeddable":true,"href":"https:\/\/dataxplora.ai\/en\/wp-json\/wp\/v2\/users\/1"}],"replies":[{"embeddable":true,"href":"https:\/\/dataxplora.ai\/en\/wp-json\/wp\/v2\/comments?post=695"}],"version-history":[{"count":7,"href":"https:\/\/dataxplora.ai\/en\/wp-json\/wp\/v2\/pages\/695\/revisions"}],"predecessor-version":[{"id":790,"href":"https:\/\/dataxplora.ai\/en\/wp-json\/wp\/v2\/pages\/695\/revisions\/790"}],"wp:attachment":[{"href":"https:\/\/dataxplora.ai\/en\/wp-json\/wp\/v2\/media?parent=695"}],"curies":[{"name":"wp","href":"https:\/\/api.w.org\/{rel}","templated":true}]}}