{"id":605,"date":"2024-02-06T15:17:27","date_gmt":"2024-02-06T15:17:27","guid":{"rendered":"https:\/\/dataxplora.ai\/?page_id=605"},"modified":"2024-03-01T18:34:08","modified_gmt":"2024-03-01T18:34:08","slug":"blog","status":"publish","type":"page","link":"https:\/\/dataxplora.ai\/en\/blog\/","title":{"rendered":"Blog"},"content":{"rendered":"<div class=\"wp-block-uagb-post-grid uagb-post-grid  uagb-post__image-position-top uagb-post__image-enabled uagb-block-d9ed8d06     uagb-post__items uagb-post__columns-3 is-grid uagb-post__columns-tablet-2 uagb-post__columns-mobile-1 uagb-post__equal-height\" data-total=\"1\" style=\"\">\n\n\t\t\t\t\t\t\t\t\t\t\t\t<article class=\"uagb-post__inner-wrap\">\t\t\t\t\t\t\t\t<div class='uagb-post__image'>\n\t\t\t\t\t\t\t\t\t<a href=\"https:\/\/dataxplora.ai\/en\/como-la-gobernanza-de-datos-potencia-las-6vs-del-big-data\/\" target=\"_self\" rel=\"bookmark noopener noreferrer\" class='uagb-image-ratio-inherit'><img loading=\"lazy\" decoding=\"async\" width=\"1024\" height=\"585\" src=\"https:\/\/dataxplora.ai\/wp-content\/uploads\/2024\/02\/DALL\u00b7E-2024-02-22-10.45.50-Create-a-clipart-style-image-with-six-letter-Vs-each-equipped-with-small-legs-and-arms.-These-characters-are-joyfully-joining-hands-forming-a-circ-1024x585.webp\" class=\"attachment-large size-large\" alt=\"6Vs BIG DATA Data Governance\" srcset=\"https:\/\/dataxplora.ai\/wp-content\/uploads\/2024\/02\/DALL\u00b7E-2024-02-22-10.45.50-Create-a-clipart-style-image-with-six-letter-Vs-each-equipped-with-small-legs-and-arms.-These-characters-are-joyfully-joining-hands-forming-a-circ-1024x585.webp 1024w, https:\/\/dataxplora.ai\/wp-content\/uploads\/2024\/02\/DALL\u00b7E-2024-02-22-10.45.50-Create-a-clipart-style-image-with-six-letter-Vs-each-equipped-with-small-legs-and-arms.-These-characters-are-joyfully-joining-hands-forming-a-circ-300x171.webp 300w, https:\/\/dataxplora.ai\/wp-content\/uploads\/2024\/02\/DALL\u00b7E-2024-02-22-10.45.50-Create-a-clipart-style-image-with-six-letter-Vs-each-equipped-with-small-legs-and-arms.-These-characters-are-joyfully-joining-hands-forming-a-circ-768x439.webp 768w, https:\/\/dataxplora.ai\/wp-content\/uploads\/2024\/02\/DALL\u00b7E-2024-02-22-10.45.50-Create-a-clipart-style-image-with-six-letter-Vs-each-equipped-with-small-legs-and-arms.-These-characters-are-joyfully-joining-hands-forming-a-circ-1536x878.webp 1536w, https:\/\/dataxplora.ai\/wp-content\/uploads\/2024\/02\/DALL\u00b7E-2024-02-22-10.45.50-Create-a-clipart-style-image-with-six-letter-Vs-each-equipped-with-small-legs-and-arms.-These-characters-are-joyfully-joining-hands-forming-a-circ-18x10.webp 18w, https:\/\/dataxplora.ai\/wp-content\/uploads\/2024\/02\/DALL\u00b7E-2024-02-22-10.45.50-Create-a-clipart-style-image-with-six-letter-Vs-each-equipped-with-small-legs-and-arms.-These-characters-are-joyfully-joining-hands-forming-a-circ.webp 1792w\" sizes=\"auto, (max-width: 1024px) 100vw, 1024px\" \/>\t\t\t\t\t<\/a>\n\t\t\t\t\t\t\t<\/div>\n\t\t\t\t\t\t<h4 class=\"uagb-post__title uagb-post__text\">\n\t\t\t\t<a href=\"https:\/\/dataxplora.ai\/en\/como-la-gobernanza-de-datos-potencia-las-6vs-del-big-data\/\" target=\"_self\" rel=\"bookmark noopener noreferrer\">C\u00f3mo la Gobernanza de Datos Potencia las 6Vs del Big Data<\/a>\n\t\t\t<\/h4>\n\t\t\t\t\t\t<div class='uagb-post__text uagb-post-grid-byline'>\n\t\t\t\t\t\t\t<\/div>\n\t\t\t\t\t\t\t<div class='uagb-post__text uagb-post__excerpt'>\n\t\t\t\t\t<p>\u00bfHas escuchado hablar de las 6Vs de los datos? Son un conjunto de principios que&#8230;\t\t\t\t<\/div>\n\t\t\t\t\t\t<div class=\"uagb-post__text uagb-post__cta wp-block-button\">\n\t\t\t\t<a class=\"wp-block-button__link uagb-text-link\" style=\"\" href=\"https:\/\/dataxplora.ai\/en\/como-la-gobernanza-de-datos-potencia-las-6vs-del-big-data\/\" target=\"_self\" rel=\"bookmark noopener noreferrer\">Read More<\/a>\n\t\t\t<\/div>\n\t\t\t\n\t\t\t\t\t\t\t\t\t<\/article>\n\t\t\t\t\t\t\t\t\t\t\t\t\t\t\t\t<article class=\"uagb-post__inner-wrap\">\t\t\t\t\t\t\t\t<div class='uagb-post__image'>\n\t\t\t\t\t\t\t\t\t<a href=\"https:\/\/dataxplora.ai\/en\/data-mesh-descentralizado-y-gobernanza-de-datos-centralizada-una-convivencia-estrategica\/\" target=\"_self\" rel=\"bookmark noopener noreferrer\" class='uagb-image-ratio-inherit'><img loading=\"lazy\" decoding=\"async\" width=\"1024\" height=\"585\" src=\"https:\/\/dataxplora.ai\/wp-content\/uploads\/2024\/02\/DALL\u00b7E-2024-02-14-10.49.04-Create-a-2D-clean-and-minimalistic-illustration-featuring-a-series-of-interlocking-gears-each-representing-a-different-part-of-the-data-mesh-archit-1024x585.webp\" class=\"attachment-large size-large\" alt=\"\" srcset=\"https:\/\/dataxplora.ai\/wp-content\/uploads\/2024\/02\/DALL\u00b7E-2024-02-14-10.49.04-Create-a-2D-clean-and-minimalistic-illustration-featuring-a-series-of-interlocking-gears-each-representing-a-different-part-of-the-data-mesh-archit-1024x585.webp 1024w, https:\/\/dataxplora.ai\/wp-content\/uploads\/2024\/02\/DALL\u00b7E-2024-02-14-10.49.04-Create-a-2D-clean-and-minimalistic-illustration-featuring-a-series-of-interlocking-gears-each-representing-a-different-part-of-the-data-mesh-archit-300x171.webp 300w, https:\/\/dataxplora.ai\/wp-content\/uploads\/2024\/02\/DALL\u00b7E-2024-02-14-10.49.04-Create-a-2D-clean-and-minimalistic-illustration-featuring-a-series-of-interlocking-gears-each-representing-a-different-part-of-the-data-mesh-archit-768x439.webp 768w, https:\/\/dataxplora.ai\/wp-content\/uploads\/2024\/02\/DALL\u00b7E-2024-02-14-10.49.04-Create-a-2D-clean-and-minimalistic-illustration-featuring-a-series-of-interlocking-gears-each-representing-a-different-part-of-the-data-mesh-archit-1536x878.webp 1536w, https:\/\/dataxplora.ai\/wp-content\/uploads\/2024\/02\/DALL\u00b7E-2024-02-14-10.49.04-Create-a-2D-clean-and-minimalistic-illustration-featuring-a-series-of-interlocking-gears-each-representing-a-different-part-of-the-data-mesh-archit-18x10.webp 18w, https:\/\/dataxplora.ai\/wp-content\/uploads\/2024\/02\/DALL\u00b7E-2024-02-14-10.49.04-Create-a-2D-clean-and-minimalistic-illustration-featuring-a-series-of-interlocking-gears-each-representing-a-different-part-of-the-data-mesh-archit.webp 1792w\" sizes=\"auto, (max-width: 1024px) 100vw, 1024px\" \/>\t\t\t\t\t<\/a>\n\t\t\t\t\t\t\t<\/div>\n\t\t\t\t\t\t<h4 class=\"uagb-post__title uagb-post__text\">\n\t\t\t\t<a href=\"https:\/\/dataxplora.ai\/en\/data-mesh-descentralizado-y-gobernanza-de-datos-centralizada-una-convivencia-estrategica\/\" target=\"_self\" rel=\"bookmark noopener noreferrer\">Data Mesh Descentralizado y Gobernanza de Datos Centralizada: Una Convivencia Estrat\u00e9gica<\/a>\n\t\t\t<\/h4>\n\t\t\t\t\t\t<div class='uagb-post__text uagb-post-grid-byline'>\n\t\t\t\t\t\t\t<\/div>\n\t\t\t\t\t\t\t<div class='uagb-post__text uagb-post__excerpt'>\n\t\t\t\t\t<p>El concepto de una arquitectura de Data Mesh descentralizado ha surgido como una soluci\u00f3n a&#8230;\t\t\t\t<\/div>\n\t\t\t\t\t\t<div class=\"uagb-post__text uagb-post__cta wp-block-button\">\n\t\t\t\t<a class=\"wp-block-button__link uagb-text-link\" style=\"\" href=\"https:\/\/dataxplora.ai\/en\/data-mesh-descentralizado-y-gobernanza-de-datos-centralizada-una-convivencia-estrategica\/\" target=\"_self\" rel=\"bookmark noopener noreferrer\">Read More<\/a>\n\t\t\t<\/div>\n\t\t\t\n\t\t\t\t\t\t\t\t\t<\/article>\n\t\t\t\t\t\t\t\t\t\t\t\t\t\t\t\t<article class=\"uagb-post__inner-wrap\">\t\t\t\t\t\t\t\t<div class='uagb-post__image'>\n\t\t\t\t\t\t\t\t\t<a href=\"https:\/\/dataxplora.ai\/en\/gestion-de-datos-con-dama-fundamentos-para-la-implementacion-de-la-inteligencia-artificial\/\" target=\"_self\" rel=\"bookmark noopener noreferrer\" class='uagb-image-ratio-inherit'><img loading=\"lazy\" decoding=\"async\" width=\"1024\" height=\"585\" src=\"https:\/\/dataxplora.ai\/wp-content\/uploads\/2024\/02\/DALL\u00b7E-2024-02-07-23.43.23-Craft-an-engaging-and-professional-hero-image-that-represents-the-Data-Management-Association.-The-composition-features-a-network-of-interconnected-da-1024x585.webp\" class=\"attachment-large size-large\" alt=\"\" srcset=\"https:\/\/dataxplora.ai\/wp-content\/uploads\/2024\/02\/DALL\u00b7E-2024-02-07-23.43.23-Craft-an-engaging-and-professional-hero-image-that-represents-the-Data-Management-Association.-The-composition-features-a-network-of-interconnected-da-1024x585.webp 1024w, https:\/\/dataxplora.ai\/wp-content\/uploads\/2024\/02\/DALL\u00b7E-2024-02-07-23.43.23-Craft-an-engaging-and-professional-hero-image-that-represents-the-Data-Management-Association.-The-composition-features-a-network-of-interconnected-da-300x171.webp 300w, https:\/\/dataxplora.ai\/wp-content\/uploads\/2024\/02\/DALL\u00b7E-2024-02-07-23.43.23-Craft-an-engaging-and-professional-hero-image-that-represents-the-Data-Management-Association.-The-composition-features-a-network-of-interconnected-da-768x439.webp 768w, https:\/\/dataxplora.ai\/wp-content\/uploads\/2024\/02\/DALL\u00b7E-2024-02-07-23.43.23-Craft-an-engaging-and-professional-hero-image-that-represents-the-Data-Management-Association.-The-composition-features-a-network-of-interconnected-da-1536x878.webp 1536w, https:\/\/dataxplora.ai\/wp-content\/uploads\/2024\/02\/DALL\u00b7E-2024-02-07-23.43.23-Craft-an-engaging-and-professional-hero-image-that-represents-the-Data-Management-Association.-The-composition-features-a-network-of-interconnected-da-18x10.webp 18w, https:\/\/dataxplora.ai\/wp-content\/uploads\/2024\/02\/DALL\u00b7E-2024-02-07-23.43.23-Craft-an-engaging-and-professional-hero-image-that-represents-the-Data-Management-Association.-The-composition-features-a-network-of-interconnected-da.webp 1792w\" sizes=\"auto, (max-width: 1024px) 100vw, 1024px\" \/>\t\t\t\t\t<\/a>\n\t\t\t\t\t\t\t<\/div>\n\t\t\t\t\t\t<h4 class=\"uagb-post__title uagb-post__text\">\n\t\t\t\t<a href=\"https:\/\/dataxplora.ai\/en\/gestion-de-datos-con-dama-fundamentos-para-la-implementacion-de-la-inteligencia-artificial\/\" target=\"_self\" rel=\"bookmark noopener noreferrer\">Gesti\u00f3n de Datos con DAMA: Fundamentos para la Implementaci\u00f3n de la Inteligencia Artificial<\/a>\n\t\t\t<\/h4>\n\t\t\t\t\t\t<div class='uagb-post__text uagb-post-grid-byline'>\n\t\t\t\t\t\t\t<\/div>\n\t\t\t\t\t\t\t<div class='uagb-post__text uagb-post__excerpt'>\n\t\t\t\t\t<p>Si te preocupa extraer el m\u00e1ximo valor de tus datos para impulsar la Inteligencia Artificial&#8230;\t\t\t\t<\/div>\n\t\t\t\t\t\t<div class=\"uagb-post__text uagb-post__cta wp-block-button\">\n\t\t\t\t<a class=\"wp-block-button__link uagb-text-link\" style=\"\" href=\"https:\/\/dataxplora.ai\/en\/gestion-de-datos-con-dama-fundamentos-para-la-implementacion-de-la-inteligencia-artificial\/\" target=\"_self\" rel=\"bookmark noopener noreferrer\">Read More<\/a>\n\t\t\t<\/div>\n\t\t\t\n\t\t\t\t\t\t\t\t\t<\/article>\n\t\t\t\t\t\t\t\t\t\t\t<\/div>","protected":false},"excerpt":{"rendered":"","protected":false},"author":1,"featured_media":0,"parent":0,"menu_order":0,"comment_status":"closed","ping_status":"closed","template":"","meta":{"_coblocks_attr":"","_coblocks_dimensions":"","_coblocks_responsive_height":"","_coblocks_accordion_ie_support":"","_uag_custom_page_level_css":"","site-sidebar-layout":"default","site-content-layout":"","ast-site-content-layout":"default","site-content-style":"default","site-sidebar-style":"default","ast-global-header-display":"","ast-banner-title-visibility":"","ast-main-header-display":"","ast-hfb-above-header-display":"","ast-hfb-below-header-display":"","ast-hfb-mobile-header-display":"","site-post-title":"","ast-breadcrumbs-content":"","ast-featured-img":"","footer-sml-layout":"","ast-disable-related-posts":"","theme-transparent-header-meta":"","adv-header-id-meta":"","stick-header-meta":"","header-above-stick-meta":"","header-main-stick-meta":"","header-below-stick-meta":"","astra-migrate-meta-layouts":"set","ast-page-background-enabled":"default","ast-page-background-meta":{"desktop":{"background-color":"var(--ast-global-color-4)","background-image":"","background-repeat":"repeat","background-position":"center center","background-size":"auto","background-attachment":"scroll","background-type":"","background-media":"","overlay-type":"","overlay-color":"","overlay-opacity":"","overlay-gradient":""},"tablet":{"background-color":"","background-image":"","background-repeat":"repeat","background-position":"center center","background-size":"auto","background-attachment":"scroll","background-type":"","background-media":"","overlay-type":"","overlay-color":"","overlay-opacity":"","overlay-gradient":""},"mobile":{"background-color":"","background-image":"","background-repeat":"repeat","background-position":"center center","background-size":"auto","background-attachment":"scroll","background-type":"","background-media":"","overlay-type":"","overlay-color":"","overlay-opacity":"","overlay-gradient":""}},"ast-content-background-meta":{"desktop":{"background-color":"var(--ast-global-color-5)","background-image":"","background-repeat":"repeat","background-position":"center center","background-size":"auto","background-attachment":"scroll","background-type":"","background-media":"","overlay-type":"","overlay-color":"","overlay-opacity":"","overlay-gradient":""},"tablet":{"background-color":"var(--ast-global-color-5)","background-image":"","background-repeat":"repeat","background-position":"center center","background-size":"auto","background-attachment":"scroll","background-type":"","background-media":"","overlay-type":"","overlay-color":"","overlay-opacity":"","overlay-gradient":""},"mobile":{"background-color":"var(--ast-global-color-5)","background-image":"","background-repeat":"repeat","background-position":"center center","background-size":"auto","background-attachment":"scroll","background-type":"","background-media":"","overlay-type":"","overlay-color":"","overlay-opacity":"","overlay-gradient":""}},"footnotes":""},"class_list":["post-605","page","type-page","status-publish","hentry"],"yoast_head":"<!-- This site is optimized with the Yoast SEO plugin v27.4 - https:\/\/yoast.com\/product\/yoast-seo-wordpress\/ -->\n<title>Blog - DataXplora<\/title>\n<meta name=\"description\" content=\"Servicios de Gobierno de Datos. Asesor\u00eda Estrat\u00e9gica, Implementaci\u00f3n Tecnol\u00f3gica y Adminsitraci\u00f3n y Soporte.\" \/>\n<meta name=\"robots\" content=\"index, follow, max-snippet:-1, max-image-preview:large, max-video-preview:-1\" \/>\n<link rel=\"canonical\" href=\"https:\/\/dataxplora.ai\/en\/blog\/\" \/>\n<meta property=\"og:locale\" content=\"en_US\" \/>\n<meta property=\"og:type\" content=\"article\" \/>\n<meta property=\"og:title\" content=\"Blog - DataXplora\" \/>\n<meta property=\"og:description\" content=\"Servicios de Gobierno de Datos. Asesor\u00eda Estrat\u00e9gica, Implementaci\u00f3n Tecnol\u00f3gica y Adminsitraci\u00f3n y Soporte.\" \/>\n<meta property=\"og:url\" content=\"https:\/\/dataxplora.ai\/en\/blog\/\" \/>\n<meta property=\"og:site_name\" content=\"DataXplora\" \/>\n<meta property=\"article:modified_time\" content=\"2024-03-01T18:34:08+00:00\" \/>\n<meta name=\"twitter:card\" content=\"summary_large_image\" \/>\n<script type=\"application\/ld+json\" class=\"yoast-schema-graph\">{\"@context\":\"https:\\\/\\\/schema.org\",\"@graph\":[{\"@type\":\"WebPage\",\"@id\":\"https:\\\/\\\/dataxplora.ai\\\/blog\\\/\",\"url\":\"https:\\\/\\\/dataxplora.ai\\\/blog\\\/\",\"name\":\"Blog - DataXplora\",\"isPartOf\":{\"@id\":\"https:\\\/\\\/dataxplora.ai\\\/#website\"},\"datePublished\":\"2024-02-06T15:17:27+00:00\",\"dateModified\":\"2024-03-01T18:34:08+00:00\",\"description\":\"Servicios de Gobierno de Datos. Asesor\u00eda Estrat\u00e9gica, Implementaci\u00f3n Tecnol\u00f3gica y Adminsitraci\u00f3n y Soporte.\",\"breadcrumb\":{\"@id\":\"https:\\\/\\\/dataxplora.ai\\\/blog\\\/#breadcrumb\"},\"inLanguage\":\"en-US\",\"potentialAction\":[{\"@type\":\"ReadAction\",\"target\":[\"https:\\\/\\\/dataxplora.ai\\\/blog\\\/\"]}]},{\"@type\":\"BreadcrumbList\",\"@id\":\"https:\\\/\\\/dataxplora.ai\\\/blog\\\/#breadcrumb\",\"itemListElement\":[{\"@type\":\"ListItem\",\"position\":1,\"name\":\"Home\",\"item\":\"https:\\\/\\\/dataxplora.ai\\\/\"},{\"@type\":\"ListItem\",\"position\":2,\"name\":\"Blog\"}]},{\"@type\":\"WebSite\",\"@id\":\"https:\\\/\\\/dataxplora.ai\\\/#website\",\"url\":\"https:\\\/\\\/dataxplora.ai\\\/\",\"name\":\"DataXplora\",\"description\":\"Data Governance Services\",\"publisher\":{\"@id\":\"https:\\\/\\\/dataxplora.ai\\\/#organization\"},\"potentialAction\":[{\"@type\":\"SearchAction\",\"target\":{\"@type\":\"EntryPoint\",\"urlTemplate\":\"https:\\\/\\\/dataxplora.ai\\\/?s={search_term_string}\"},\"query-input\":{\"@type\":\"PropertyValueSpecification\",\"valueRequired\":true,\"valueName\":\"search_term_string\"}}],\"inLanguage\":\"en-US\"},{\"@type\":\"Organization\",\"@id\":\"https:\\\/\\\/dataxplora.ai\\\/#organization\",\"name\":\"DataXplora\",\"url\":\"https:\\\/\\\/dataxplora.ai\\\/\",\"logo\":{\"@type\":\"ImageObject\",\"inLanguage\":\"en-US\",\"@id\":\"https:\\\/\\\/dataxplora.ai\\\/#\\\/schema\\\/logo\\\/image\\\/\",\"url\":\"https:\\\/\\\/dataxplora.ai\\\/wp-content\\\/uploads\\\/2024\\\/01\\\/DataXplora-Logo-Symbol-Transparent-bg.svg\",\"contentUrl\":\"https:\\\/\\\/dataxplora.ai\\\/wp-content\\\/uploads\\\/2024\\\/01\\\/DataXplora-Logo-Symbol-Transparent-bg.svg\",\"caption\":\"DataXplora\"},\"image\":{\"@id\":\"https:\\\/\\\/dataxplora.ai\\\/#\\\/schema\\\/logo\\\/image\\\/\"},\"sameAs\":[\"https:\\\/\\\/www.linkedin.com\\\/company\\\/dataxplora\"]}]}<\/script>\n<!-- \/ Yoast SEO plugin. -->","yoast_head_json":{"title":"Blog - DataXplora","description":"Servicios de Gobierno de Datos. Asesor\u00eda Estrat\u00e9gica, Implementaci\u00f3n Tecnol\u00f3gica y Adminsitraci\u00f3n y Soporte.","robots":{"index":"index","follow":"follow","max-snippet":"max-snippet:-1","max-image-preview":"max-image-preview:large","max-video-preview":"max-video-preview:-1"},"canonical":"https:\/\/dataxplora.ai\/en\/blog\/","og_locale":"en_US","og_type":"article","og_title":"Blog - DataXplora","og_description":"Servicios de Gobierno de Datos. Asesor\u00eda Estrat\u00e9gica, Implementaci\u00f3n Tecnol\u00f3gica y Adminsitraci\u00f3n y Soporte.","og_url":"https:\/\/dataxplora.ai\/en\/blog\/","og_site_name":"DataXplora","article_modified_time":"2024-03-01T18:34:08+00:00","twitter_card":"summary_large_image","schema":{"@context":"https:\/\/schema.org","@graph":[{"@type":"WebPage","@id":"https:\/\/dataxplora.ai\/blog\/","url":"https:\/\/dataxplora.ai\/blog\/","name":"Blog - DataXplora","isPartOf":{"@id":"https:\/\/dataxplora.ai\/#website"},"datePublished":"2024-02-06T15:17:27+00:00","dateModified":"2024-03-01T18:34:08+00:00","description":"Servicios de Gobierno de Datos. Asesor\u00eda Estrat\u00e9gica, Implementaci\u00f3n Tecnol\u00f3gica y Adminsitraci\u00f3n y Soporte.","breadcrumb":{"@id":"https:\/\/dataxplora.ai\/blog\/#breadcrumb"},"inLanguage":"en-US","potentialAction":[{"@type":"ReadAction","target":["https:\/\/dataxplora.ai\/blog\/"]}]},{"@type":"BreadcrumbList","@id":"https:\/\/dataxplora.ai\/blog\/#breadcrumb","itemListElement":[{"@type":"ListItem","position":1,"name":"Home","item":"https:\/\/dataxplora.ai\/"},{"@type":"ListItem","position":2,"name":"Blog"}]},{"@type":"WebSite","@id":"https:\/\/dataxplora.ai\/#website","url":"https:\/\/dataxplora.ai\/","name":"DataXplora","description":"Data Governance Services","publisher":{"@id":"https:\/\/dataxplora.ai\/#organization"},"potentialAction":[{"@type":"SearchAction","target":{"@type":"EntryPoint","urlTemplate":"https:\/\/dataxplora.ai\/?s={search_term_string}"},"query-input":{"@type":"PropertyValueSpecification","valueRequired":true,"valueName":"search_term_string"}}],"inLanguage":"en-US"},{"@type":"Organization","@id":"https:\/\/dataxplora.ai\/#organization","name":"DataXplora","url":"https:\/\/dataxplora.ai\/","logo":{"@type":"ImageObject","inLanguage":"en-US","@id":"https:\/\/dataxplora.ai\/#\/schema\/logo\/image\/","url":"https:\/\/dataxplora.ai\/wp-content\/uploads\/2024\/01\/DataXplora-Logo-Symbol-Transparent-bg.svg","contentUrl":"https:\/\/dataxplora.ai\/wp-content\/uploads\/2024\/01\/DataXplora-Logo-Symbol-Transparent-bg.svg","caption":"DataXplora"},"image":{"@id":"https:\/\/dataxplora.ai\/#\/schema\/logo\/image\/"},"sameAs":["https:\/\/www.linkedin.com\/company\/dataxplora"]}]}},"uagb_featured_image_src":{"full":false,"thumbnail":false,"medium":false,"medium_large":false,"large":false,"1536x1536":false,"2048x2048":false,"trp-custom-language-flag":false},"uagb_author_info":{"display_name":"jaapv","author_link":"https:\/\/dataxplora.ai\/en\/author\/jaapv\/"},"uagb_comment_info":0,"uagb_excerpt":null,"jetpack_sharing_enabled":true,"_links":{"self":[{"href":"https:\/\/dataxplora.ai\/en\/wp-json\/wp\/v2\/pages\/605","targetHints":{"allow":["GET"]}}],"collection":[{"href":"https:\/\/dataxplora.ai\/en\/wp-json\/wp\/v2\/pages"}],"about":[{"href":"https:\/\/dataxplora.ai\/en\/wp-json\/wp\/v2\/types\/page"}],"author":[{"embeddable":true,"href":"https:\/\/dataxplora.ai\/en\/wp-json\/wp\/v2\/users\/1"}],"replies":[{"embeddable":true,"href":"https:\/\/dataxplora.ai\/en\/wp-json\/wp\/v2\/comments?post=605"}],"version-history":[{"count":4,"href":"https:\/\/dataxplora.ai\/en\/wp-json\/wp\/v2\/pages\/605\/revisions"}],"predecessor-version":[{"id":657,"href":"https:\/\/dataxplora.ai\/en\/wp-json\/wp\/v2\/pages\/605\/revisions\/657"}],"wp:attachment":[{"href":"https:\/\/dataxplora.ai\/en\/wp-json\/wp\/v2\/media?parent=605"}],"curies":[{"name":"wp","href":"https:\/\/api.w.org\/{rel}","templated":true}]}}